{"id":96,"date":"2025-03-01T16:27:51","date_gmt":"2025-03-01T16:27:51","guid":{"rendered":"https:\/\/www.charlotteskleinefarm.ch\/?page_id=96"},"modified":"2025-03-23T18:07:46","modified_gmt":"2025-03-23T18:07:46","slug":"home","status":"publish","type":"page","link":"https:\/\/www.charlotteskleinefarm.ch\/","title":{"rendered":"Willkommen auf dem Lebenshof &#8222;Charlotte&#8217;s kleine Farm&#8220;"},"content":{"rendered":"<style type=\"text\/css\"><\/style>\n<p>Wir sind ein kleiner Verein bestehend aus der Pr\u00e4sidentin und dem Vize-Pr\u00e4sidenten. Unser Verein wurde am 01.01.2025 gegr\u00fcndet. Der Verein bezweckt die Aufnahme von herrenlosen Tieren, die nicht mehr gewollt sind. In erster Linie werden wilde Katzen sowie schwervermittelbare Hunde, bspw. \u00e4ltere, kranke, handicapierte Hunde oder solche mit Verhaltensauff\u00e4lligkeiten, wie auch Pferde, Ziegen, Schweine und H\u00fchner, die von Privaten nicht mehr gehalten werden k\u00f6nnen und ein neues Zuhause ben\u00f6tigen, aufgenommen.<\/p>\n\n\n\n<p>Die Tiere erhalten hier einen Lebensplatz und sie werden versorgt und gepflegt inkl. allf\u00e4lliger medizinischer Behandlung.<\/p>\n\n\n\n<p>Wollen Sie unseren Verein unterst\u00fctzen finden Sie alle Informationen <a href=\"https:\/\/www.charlotteskleinefarm.ch\/?page_id=158\" data-type=\"page\" data-id=\"158\">hier<\/a>.<\/p>\n\n\n\n<p>Neuigkeiten werden <a href=\"https:\/\/www.charlotteskleinefarm.ch\/?page_id=148\" data-type=\"page\" data-id=\"148\">hier<\/a> publiziert.<\/p>\n\n\n\n<p>Auf unserem Tiktok-Kanal kriegen Sie Einblick in unser Zusammenleben.<\/p>\n\n\n\n<p><\/p>\n","protected":false},"excerpt":{"rendered":"<p>Wir sind ein kleiner Verein bestehend aus der Pr\u00e4sidentin und dem Vize-Pr\u00e4sidenten. Unser Verein wurde am 01.01.2025 gegr\u00fcndet. Der Verein bezweckt die Aufnahme von herrenlosen Tieren, die nicht mehr gewollt&#8230;<\/p>\n","protected":false},"author":1,"featured_media":126,"parent":0,"menu_order":0,"comment_status":"closed","ping_status":"closed","template":"","meta":{"footnotes":""},"class_list":["post-96","page","type-page","status-publish","has-post-thumbnail","hentry"],"_links":{"self":[{"href":"https:\/\/www.charlotteskleinefarm.ch\/index.php?rest_route=\/wp\/v2\/pages\/96","targetHints":{"allow":["GET"]}}],"collection":[{"href":"https:\/\/www.charlotteskleinefarm.ch\/index.php?rest_route=\/wp\/v2\/pages"}],"about":[{"href":"https:\/\/www.charlotteskleinefarm.ch\/index.php?rest_route=\/wp\/v2\/types\/page"}],"author":[{"embeddable":true,"href":"https:\/\/www.charlotteskleinefarm.ch\/index.php?rest_route=\/wp\/v2\/users\/1"}],"replies":[{"embeddable":true,"href":"https:\/\/www.charlotteskleinefarm.ch\/index.php?rest_route=%2Fwp%2Fv2%2Fcomments&post=96"}],"version-history":[{"count":6,"href":"https:\/\/www.charlotteskleinefarm.ch\/index.php?rest_route=\/wp\/v2\/pages\/96\/revisions"}],"predecessor-version":[{"id":160,"href":"https:\/\/www.charlotteskleinefarm.ch\/index.php?rest_route=\/wp\/v2\/pages\/96\/revisions\/160"}],"wp:featuredmedia":[{"embeddable":true,"href":"https:\/\/www.charlotteskleinefarm.ch\/index.php?rest_route=\/wp\/v2\/media\/126"}],"wp:attachment":[{"href":"https:\/\/www.charlotteskleinefarm.ch\/index.php?rest_route=%2Fwp%2Fv2%2Fmedia&parent=96"}],"curies":[{"name":"wp","href":"https:\/\/api.w.org\/{rel}","templated":true}]}}