{"id":49,"date":"2025-03-01T16:39:47","date_gmt":"2025-03-01T16:39:47","guid":{"rendered":"https:\/\/www.charlotteskleinefarm.ch\/?page_id=49"},"modified":"2025-03-30T19:46:15","modified_gmt":"2025-03-30T19:46:15","slug":"schweine","status":"publish","type":"page","link":"https:\/\/www.charlotteskleinefarm.ch\/?page_id=49","title":{"rendered":"Schweine"},"content":{"rendered":"<style type=\"text\/css\"><\/style>\n<p><strong>Lulu &amp; Paulinchen<\/strong><\/p>\n\n\n\n<figure class=\"wp-block-image size-large is-resized\"><img loading=\"lazy\" decoding=\"async\" width=\"768\" height=\"1024\" src=\"https:\/\/www.charlotteskleinefarm.ch\/wp-content\/uploads\/2025\/01\/Paulinchen-Lulu-768x1024.jpg\" alt=\"\" class=\"wp-image-84\" style=\"width:424px;height:auto\" srcset=\"https:\/\/www.charlotteskleinefarm.ch\/wp-content\/uploads\/2025\/01\/Paulinchen-Lulu-768x1024.jpg 768w, https:\/\/www.charlotteskleinefarm.ch\/wp-content\/uploads\/2025\/01\/Paulinchen-Lulu-225x300.jpg 225w, https:\/\/www.charlotteskleinefarm.ch\/wp-content\/uploads\/2025\/01\/Paulinchen-Lulu-1152x1536.jpg 1152w, https:\/\/www.charlotteskleinefarm.ch\/wp-content\/uploads\/2025\/01\/Paulinchen-Lulu-1536x2048.jpg 1536w, https:\/\/www.charlotteskleinefarm.ch\/wp-content\/uploads\/2025\/01\/Paulinchen-Lulu-580x773.jpg 580w, https:\/\/www.charlotteskleinefarm.ch\/wp-content\/uploads\/2025\/01\/Paulinchen-Lulu-820x1093.jpg 820w, https:\/\/www.charlotteskleinefarm.ch\/wp-content\/uploads\/2025\/01\/Paulinchen-Lulu-1160x1547.jpg 1160w, https:\/\/www.charlotteskleinefarm.ch\/wp-content\/uploads\/2025\/01\/Paulinchen-Lulu-scaled.jpg 1920w\" sizes=\"auto, (max-width: 768px) 100vw, 768px\" \/><\/figure>\n\n\n\n<p>Lulu und Paulinchen waren mal ein Hochzeitsgeschenk. Das frisch verm\u00e4hlte Paar konnte oder wollte die Schweine nicht behalten und so \u00fcbernahm eine andere Privatperson Lulu und Paulinchen. Nach einigen Jahren wechselte sie den Stall, wo die Schweine und ihre Pferde lebten. Die Schweine konnte sie nicht mitnehmen und daher suchte sie ein neues Zuhause. Da wir noch Platz gehabt haben, haben wir diese zwei entz\u00fcckenden R\u00fcsselchen bei uns aufgenommen. Sie standen von Anfang an bei den Ziegen, anfangs noch getrennt mit einem Gitter. Nach einer Zeit wurde das Gitter entfernt und sie lebten zusammen. Sie hatten sehr wohl immer ihr eigene H\u00fctte, wo sie sich jederzeit zur\u00fcckziehen konnten. Sie haben sich schnell und gut in die Ziegengruppe integriert und auch die Ziegen haben sie gut aufgenommen. Nach einer gewissen Zeit schliefen Lulu und Paulinchen lieber im Ziegenstall und einige der Zwergziegen in der H\u00fctte der Schweinchen. Leider konnte Paulinchen nicht lange mit uns leben. Sie wurde krank, ihre Atmung hat sich schnell verschlechtert. Ich vermied es mit ihr in den Tierspital zu gehen, da eine Narkose unumg\u00e4nglich w\u00e4re und das Herz von den \u00fcberz\u00fcchteten H\u00e4ngebauchschweinchen sehr schwach sind. Irgendwann war es leider jedoch nicht mehr tragbar und ich entschied mich mit ihr in den Tierspital zu gehen. Eine Narkose war unumg\u00e4nglich. Leider hat sie die Narkose nicht geschafft und sie schlief f\u00fcr immer ein. Lulu war daher eine Weile lang alleine, einerseits weil ich ihr die Zeit geben wollte, zu merken, dass Paulinchen nicht mehr hier ist und andererseits weil wir kurz davor waren, umzuziehen. Lulu hat keinen Anschein gemacht, dass sie etwas vermisst, sie lebte mit den Ziegen und war zufrieden. Nach dem Umzug entschied ich mich aber trotzdem ihr wieder ein Gsp\u00e4ndli zu suchen. Und so kam Bandit zu uns.<\/p>\n\n\n\n<p><strong>Bandit<\/strong><\/p>\n\n\n\n<p>Bandit geh\u00f6rte einer Privatperson, wo urspr\u00fcnglich ihn und sein Bruder als Baby gekauft hat. Sie lebten beim und im Haus und wurden sehr geliebt. Der Bruder von Bandit verstarb verfr\u00fcht und Bandit blieb zur\u00fcck. Gleichzeitig war die Situation die Schweinchen beim Haus zu halten, nicht mehr wie gew\u00fcnscht gegeben. Daher suchte die alte Besitzerin ein neues Zuhause f\u00fcr Bandit. Er ist ungef\u00e4hr gleich alt wie Lulu und sehr \u00e4hnlich in der Erscheinung. <\/p>\n\n\n\n<p>Es war meine erste Zusammenf\u00fchrung von Schweinen. Ich habe vorher gelesen, dass es nicht einfach ist und sehr grob ablaufen kann. Bandit war daher erstmals abgetrennt von Lulu und den Ziegen. Das Gitter war zu schlecht gesichert, so dass er nach wenigen Tagen zu Lulu durchbrechen konnte. Er ging direkt auf Lulu los. Also wurde er wieder getrennt und das Gitter ausbruchsicher gemacht. Nach weiterer Zeit ein erneuter Versuch. Es blieb etwas ruhiger, aber die Ziegen konnten nicht in seine N\u00e4he und sie wurden massiv von ihm angegriffen. Auch meine Hunde, wo nichts gemacht haben, wurden von ihm gebissen. Daher wurde er erneut getrennt. Sein Verhalten war f\u00fcr mich nicht vors\u00e4tzlich b\u00f6swillig, sondern ein Verhalten aus Unsicherheit. Daher soll er nochmals Raum f\u00fcr sich erhalten und alles in Ruhe beobachten und annehmen k\u00f6nnen. Ein halbes Jahr brauchte es und heute ist lebt er mit Lulu und den Ziegen zusammen und akzeptiert die Hunde und Katzen ohne Probleme. Wenn es im zu bund wird, ist er immer noch klar. Aber ansonsten akzeptiert er alle Vierbeiner und mich. Wenn man bedenkt, dass er sein Gsp\u00e4ndli verloren hat und an einen neuen Ort, zu neuen unbekannten Gesch\u00f6pfen gekommen ist, ohne Bezugsperson, ist sein Verhalten absolut nachvollziehbar. <\/p>\n\n\n\n<p><strong>Brutus &amp; Negrito<\/strong><\/p>\n\n\n\n<figure class=\"wp-block-image size-large is-resized\"><img loading=\"lazy\" decoding=\"async\" width=\"1024\" height=\"827\" src=\"https:\/\/www.charlotteskleinefarm.ch\/wp-content\/uploads\/2025\/03\/Brutus-Negrito-1024x827.jpg\" alt=\"\" class=\"wp-image-169\" style=\"width:426px;height:auto\" srcset=\"https:\/\/www.charlotteskleinefarm.ch\/wp-content\/uploads\/2025\/03\/Brutus-Negrito-1024x827.jpg 1024w, https:\/\/www.charlotteskleinefarm.ch\/wp-content\/uploads\/2025\/03\/Brutus-Negrito-300x242.jpg 300w, https:\/\/www.charlotteskleinefarm.ch\/wp-content\/uploads\/2025\/03\/Brutus-Negrito-768x620.jpg 768w, https:\/\/www.charlotteskleinefarm.ch\/wp-content\/uploads\/2025\/03\/Brutus-Negrito-1536x1240.jpg 1536w, https:\/\/www.charlotteskleinefarm.ch\/wp-content\/uploads\/2025\/03\/Brutus-Negrito-580x468.jpg 580w, https:\/\/www.charlotteskleinefarm.ch\/wp-content\/uploads\/2025\/03\/Brutus-Negrito-820x662.jpg 820w, https:\/\/www.charlotteskleinefarm.ch\/wp-content\/uploads\/2025\/03\/Brutus-Negrito-1160x936.jpg 1160w, https:\/\/www.charlotteskleinefarm.ch\/wp-content\/uploads\/2025\/03\/Brutus-Negrito.jpg 1972w\" sizes=\"auto, (max-width: 1024px) 100vw, 1024px\" \/><\/figure>\n\n\n\n<p>Brutus und Negrito sind zwei Ferkel, wo den Weg auf Charlotte&#8217;s kleine Farm gefunden haben. Aufgrund eines Aufrufes einer Tierfreundin wurde der Verein darauf aufmerksam, dass es einen anderen Lebenshof gibt, wo aufgrund eines Unfalles mehrere Sauen gedeckt wurden. Der Besitzer der Tiere ist schon \u00e4lter und war mit der Situation \u00fcberfordert. Er wurde von zwei lieben Menschen unterst\u00fctzt, wo es m\u00f6glich machten, dass alle erwachsenen Tiere und nach und nach die Ferkel kastriert wurden. Ein Zuhause f\u00fcr die mehreren Ferkel zu finden, erwies sich als sehr schwierig. Daher durften zumindest zwei dieser s\u00fcssen Wesen auf Charlotte&#8217;s kleinen Farm ziehen. Brutus hat den Namen zu Ehren einer der Menschen erhalten, wo sich f\u00fcr die Ferkel aktiv eingesetzt.<\/p>\n","protected":false},"excerpt":{"rendered":"<p>Lulu &amp; Paulinchen Lulu und Paulinchen waren mal ein Hochzeitsgeschenk. Das frisch verm\u00e4hlte Paar konnte oder wollte die Schweine nicht behalten und so \u00fcbernahm eine andere Privatperson Lulu und Paulinchen&#8230;.<\/p>\n","protected":false},"author":1,"featured_media":0,"parent":33,"menu_order":0,"comment_status":"closed","ping_status":"closed","template":"","meta":{"footnotes":""},"class_list":["post-49","page","type-page","status-publish","hentry"],"_links":{"self":[{"href":"https:\/\/www.charlotteskleinefarm.ch\/index.php?rest_route=\/wp\/v2\/pages\/49","targetHints":{"allow":["GET"]}}],"collection":[{"href":"https:\/\/www.charlotteskleinefarm.ch\/index.php?rest_route=\/wp\/v2\/pages"}],"about":[{"href":"https:\/\/www.charlotteskleinefarm.ch\/index.php?rest_route=\/wp\/v2\/types\/page"}],"author":[{"embeddable":true,"href":"https:\/\/www.charlotteskleinefarm.ch\/index.php?rest_route=\/wp\/v2\/users\/1"}],"replies":[{"embeddable":true,"href":"https:\/\/www.charlotteskleinefarm.ch\/index.php?rest_route=%2Fwp%2Fv2%2Fcomments&post=49"}],"version-history":[{"count":7,"href":"https:\/\/www.charlotteskleinefarm.ch\/index.php?rest_route=\/wp\/v2\/pages\/49\/revisions"}],"predecessor-version":[{"id":181,"href":"https:\/\/www.charlotteskleinefarm.ch\/index.php?rest_route=\/wp\/v2\/pages\/49\/revisions\/181"}],"up":[{"embeddable":true,"href":"https:\/\/www.charlotteskleinefarm.ch\/index.php?rest_route=\/wp\/v2\/pages\/33"}],"wp:attachment":[{"href":"https:\/\/www.charlotteskleinefarm.ch\/index.php?rest_route=%2Fwp%2Fv2%2Fmedia&parent=49"}],"curies":[{"name":"wp","href":"https:\/\/api.w.org\/{rel}","templated":true}]}}