{"id":45,"date":"2025-03-01T16:45:20","date_gmt":"2025-03-01T16:45:20","guid":{"rendered":"https:\/\/www.charlotteskleinefarm.ch\/?page_id=45"},"modified":"2025-03-30T19:48:01","modified_gmt":"2025-03-30T19:48:01","slug":"ziegen","status":"publish","type":"page","link":"https:\/\/www.charlotteskleinefarm.ch\/?page_id=45","title":{"rendered":"Ziegen"},"content":{"rendered":"<style type=\"text\/css\"><\/style>\n<p><strong>Thommy &amp; Cookie<\/strong><\/p>\n\n\n\n<p>Im Jahr 2021 schrieb eine tierliebe Person drei Ziegen aus. Sie suchte f\u00fcr die Brienzer Ziegen dringend ein Zuhause. Die Ziegen stammten von einem Landwirt, wo f\u00fcr sich privat Ziegenk\u00e4se herstellte. Damit er K\u00e4se produzieren kann, braucht er Ziegenmilch. Damit es Ziegenmilch gibt, braucht es Zicklein. Und diese Zicklein sollten zum Schlachter. Das wollte diese tierliebe Person und Nachbarin vom Landwirt nicht. Daher suchte sie ein Zuhause f\u00fcr die zwei jungen B\u00f6cklein. Ich hatte noch keine Erfahrung mit Ziegen, nahm mich der Herausforderung an und lernte schnell viel. Die zwei beleben unser Heim sehr und sie lehrten mich einen Zaun ausbruchsicher zu machen. Wobei sie von Zeit zu Zeit immer noch ausb\u00fcxen und im Wald (eigener Wald) naschen gehen. Wenn ich jedoch rufe, kommen sie angerannt, nehmen ihr Leckerchen und kommen gerne wieder nach Hause.<\/p>\n\n\n\n<p><\/p>\n\n\n\n<p><strong>Fl\u00f6ckli<\/strong><\/p>\n\n\n\n<figure class=\"wp-block-image size-large is-resized\"><img loading=\"lazy\" decoding=\"async\" width=\"768\" height=\"1024\" src=\"https:\/\/www.charlotteskleinefarm.ch\/wp-content\/uploads\/2025\/01\/Floeckli-4-768x1024.jpg\" alt=\"\" class=\"wp-image-86\" style=\"width:380px;height:auto\" srcset=\"https:\/\/www.charlotteskleinefarm.ch\/wp-content\/uploads\/2025\/01\/Floeckli-4-768x1024.jpg 768w, https:\/\/www.charlotteskleinefarm.ch\/wp-content\/uploads\/2025\/01\/Floeckli-4-225x300.jpg 225w, https:\/\/www.charlotteskleinefarm.ch\/wp-content\/uploads\/2025\/01\/Floeckli-4-1152x1536.jpg 1152w, https:\/\/www.charlotteskleinefarm.ch\/wp-content\/uploads\/2025\/01\/Floeckli-4-1536x2048.jpg 1536w, https:\/\/www.charlotteskleinefarm.ch\/wp-content\/uploads\/2025\/01\/Floeckli-4-580x773.jpg 580w, https:\/\/www.charlotteskleinefarm.ch\/wp-content\/uploads\/2025\/01\/Floeckli-4-820x1093.jpg 820w, https:\/\/www.charlotteskleinefarm.ch\/wp-content\/uploads\/2025\/01\/Floeckli-4-1160x1547.jpg 1160w, https:\/\/www.charlotteskleinefarm.ch\/wp-content\/uploads\/2025\/01\/Floeckli-4-scaled.jpg 1920w\" sizes=\"auto, (max-width: 768px) 100vw, 768px\" \/><\/figure>\n\n\n\n<p>Eine Bekannte von mir suchte f\u00fcr ihren alten Ziegenbock ein neues Zuhause. Er hat sein Gsp\u00e4ndli verloren und sollte nicht allein bleiben. Ich meldete ihr, dass ich Ziegen habe, aber dass es ggfs. nicht passt, da er \u00e4lter ist und meine Ziegen noch jung. Ich kann mich nicht mehr an die Details erinnern, aber schlussendlich fand ihr alter Ziegenbock einen Platz, jedoch sollte eine j\u00fcngere Ziege neu platziert werden und diese junge Ziege kam dann zu uns in die Gruppe. Fl\u00f6ckli ist eine Zwergziege und war schon etwas \u00e4lter (ca. Jahrgang 2019). Er ist ein vorwitziges freches Kerlchen, der sich nur schwer fangen l\u00e4sst, wenn die Klauen geschnitten werden sollen. Er ist jedoch an vorderster Stelle, wenn es ein Leckerchen gibt.<\/p>\n\n\n\n<p><strong>Browny &amp; Fluffy (vormals B\u00e4rli &amp; Joggeli)<\/strong><\/p>\n\n\n\n<figure class=\"wp-block-image size-full is-resized\"><img loading=\"lazy\" decoding=\"async\" width=\"623\" height=\"419\" src=\"https:\/\/www.charlotteskleinefarm.ch\/wp-content\/uploads\/2025\/01\/Browny-Fluffy.jpg\" alt=\"\" class=\"wp-image-90\" style=\"width:455px;height:auto\" srcset=\"https:\/\/www.charlotteskleinefarm.ch\/wp-content\/uploads\/2025\/01\/Browny-Fluffy.jpg 623w, https:\/\/www.charlotteskleinefarm.ch\/wp-content\/uploads\/2025\/01\/Browny-Fluffy-300x202.jpg 300w, https:\/\/www.charlotteskleinefarm.ch\/wp-content\/uploads\/2025\/01\/Browny-Fluffy-580x390.jpg 580w\" sizes=\"auto, (max-width: 623px) 100vw, 623px\" \/><\/figure>\n\n\n\n<p>F\u00fcr Browny und Fluffy wurde auf Facebook ein Zuhause gesucht. Eine Landwirtin hat ihren Mann verloren und konnte den Hof und die privaten Tiere nicht mehr gerecht versorgen. Daher suchte sie f\u00fcr ihre zwei Zwergziegen ein neues Zuhause. Ich meldete mich bei ihr und bot ihr an, wenn sie niemand anderen findet, dass ich die zwei nehmen w\u00fcrde. Sie fand niemand anderen, also kamen die zwei Ziegen zu mir. Sie waren etwa im gleichen Alter wie Fl\u00f6ckli. Sie bereicherten die Gruppe daher gut. Beide fanden sehr schnell den Anschluss und fortan hatte ich 5 Ziegen, die mich forderten und gerne auch mal &#8222;Seich&#8220; machen.<\/p>\n\n\n\n<p><strong>Othello, Isa &amp; Belle<\/strong><\/p>\n\n\n\n<figure class=\"wp-block-image size-full\"><img loading=\"lazy\" decoding=\"async\" width=\"903\" height=\"387\" src=\"https:\/\/www.charlotteskleinefarm.ch\/wp-content\/uploads\/2025\/01\/Belle-Isa-Othellito.jpg\" alt=\"\" class=\"wp-image-89\" srcset=\"https:\/\/www.charlotteskleinefarm.ch\/wp-content\/uploads\/2025\/01\/Belle-Isa-Othellito.jpg 903w, https:\/\/www.charlotteskleinefarm.ch\/wp-content\/uploads\/2025\/01\/Belle-Isa-Othellito-300x129.jpg 300w, https:\/\/www.charlotteskleinefarm.ch\/wp-content\/uploads\/2025\/01\/Belle-Isa-Othellito-768x329.jpg 768w, https:\/\/www.charlotteskleinefarm.ch\/wp-content\/uploads\/2025\/01\/Belle-Isa-Othellito-580x249.jpg 580w, https:\/\/www.charlotteskleinefarm.ch\/wp-content\/uploads\/2025\/01\/Belle-Isa-Othellito-820x351.jpg 820w\" sizes=\"auto, (max-width: 903px) 100vw, 903px\" \/><\/figure>\n\n\n\n<p>Eine Bekannte von mir schickte mir eine Nachricht, dass eine Bekannte von ihr ein Zuhause f\u00fcr ihre drei Ziegen sucht, da sie den Bauernhof verlassen muss und am neuen Ort die Ziegen nicht halten kann. Eigentlich wollte ich keine weiblichen Ziegen aufnehmen, da es Unruhe in der Gruppe geben kann, auch wenn alle die Ziegenb\u00f6cke kastriert sind. Die Frau fand jedoch h\u00e4ngeringend keinen anderen Platz, daher nahm ich die drei Ziegen trotzdem auf. Othello ist schon \u00e4lter (Jahrgang 2010), integrierte sich jedoch sehr gut in die Gruppe. Isa und Belle schlossen sich aufgrund dem Alter Fl\u00f6ckli an. Fl\u00f6ckli umwarb die zwei Damen und nun sind vor allem Belle und Fl\u00f6ckli ein Zweiergespann, wo ein s\u00fcsser P\u00e4\u00e4rchen darstellen.<\/p>\n\n\n\n<p><strong>Caramell (Cari)<\/strong><\/p>\n\n\n\n<figure class=\"wp-block-image size-large is-resized\"><img loading=\"lazy\" decoding=\"async\" width=\"768\" height=\"1024\" src=\"https:\/\/www.charlotteskleinefarm.ch\/wp-content\/uploads\/2025\/01\/Cari-768x1024.jpg\" alt=\"\" class=\"wp-image-87\" style=\"width:380px;height:auto\" srcset=\"https:\/\/www.charlotteskleinefarm.ch\/wp-content\/uploads\/2025\/01\/Cari-768x1024.jpg 768w, https:\/\/www.charlotteskleinefarm.ch\/wp-content\/uploads\/2025\/01\/Cari-225x300.jpg 225w, https:\/\/www.charlotteskleinefarm.ch\/wp-content\/uploads\/2025\/01\/Cari-1152x1536.jpg 1152w, https:\/\/www.charlotteskleinefarm.ch\/wp-content\/uploads\/2025\/01\/Cari-1536x2048.jpg 1536w, https:\/\/www.charlotteskleinefarm.ch\/wp-content\/uploads\/2025\/01\/Cari-580x773.jpg 580w, https:\/\/www.charlotteskleinefarm.ch\/wp-content\/uploads\/2025\/01\/Cari-820x1093.jpg 820w, https:\/\/www.charlotteskleinefarm.ch\/wp-content\/uploads\/2025\/01\/Cari-1160x1547.jpg 1160w, https:\/\/www.charlotteskleinefarm.ch\/wp-content\/uploads\/2025\/01\/Cari-scaled.jpg 1920w\" sizes=\"auto, (max-width: 768px) 100vw, 768px\" \/><figcaption class=\"wp-element-caption\">Cari<\/figcaption><\/figure>\n\n\n\n<p>Cari geh\u00f6rte einen Privatperson, wo keine Ziegen mehr hatte bis auf Cari. Cari lebte zusammen mit Pferden. Sie vermisste aber die Gesellschaft von anderen Ziegen. Also suchte die Privatperson ein neues Pl\u00e4tzli f\u00fcr ihr Geissli Cari. Eine Kollegin schrieb mich an, ob ich noch Platz habe, also kam sie zu uns. Cari liess sich absolut unproblematisch in die Gruppe integrieren. Sie war keck und lebte sich sehr schnell ein. Heute ist sie das Gsp\u00e4ndli von Zwergu.<\/p>\n\n\n\n<p><strong>Zwerg (Zwergu)<\/strong><\/p>\n\n\n\n<figure class=\"wp-block-image size-large is-resized\"><img loading=\"lazy\" decoding=\"async\" width=\"768\" height=\"1024\" src=\"https:\/\/www.charlotteskleinefarm.ch\/wp-content\/uploads\/2025\/01\/Zwerg-5-768x1024.jpg\" alt=\"\" class=\"wp-image-88\" style=\"width:371px;height:auto\" srcset=\"https:\/\/www.charlotteskleinefarm.ch\/wp-content\/uploads\/2025\/01\/Zwerg-5-768x1024.jpg 768w, https:\/\/www.charlotteskleinefarm.ch\/wp-content\/uploads\/2025\/01\/Zwerg-5-225x300.jpg 225w, https:\/\/www.charlotteskleinefarm.ch\/wp-content\/uploads\/2025\/01\/Zwerg-5-1152x1536.jpg 1152w, https:\/\/www.charlotteskleinefarm.ch\/wp-content\/uploads\/2025\/01\/Zwerg-5-1536x2048.jpg 1536w, https:\/\/www.charlotteskleinefarm.ch\/wp-content\/uploads\/2025\/01\/Zwerg-5-580x773.jpg 580w, https:\/\/www.charlotteskleinefarm.ch\/wp-content\/uploads\/2025\/01\/Zwerg-5-820x1093.jpg 820w, https:\/\/www.charlotteskleinefarm.ch\/wp-content\/uploads\/2025\/01\/Zwerg-5-1160x1547.jpg 1160w, https:\/\/www.charlotteskleinefarm.ch\/wp-content\/uploads\/2025\/01\/Zwerg-5-scaled.jpg 1920w\" sizes=\"auto, (max-width: 768px) 100vw, 768px\" \/><figcaption class=\"wp-element-caption\">Zwergu<\/figcaption><\/figure>\n\n\n\n<p>Zwergu hat eine lange Geschichte hinter sich. Ebenfalls eine Kollegin kam auf mich zu, ob ich noch einen Platz habe. Er geh\u00f6rte Privatpersonen, wo ihn und seine Mutter gehalten haben. Seine Mutter lag eines Tages tod auf der Weide und Zwergu blieb zur\u00fcck. Zwergu war wahnsinnig \u00fcberfordert mit der Situation, obwohl er zuerst getrennt wurde von den anderen Ziegen. Er nahm keinen Kontakt auf und verweigerte zu essen. Er trauerte um seine Mutter und wusste sich gar nicht, wie verhalten. Ich habe ihm diverses Futter angeboten, nichts half. Er wollte nicht essen, nur ein Happen und das war es. Die ersten Wochen machte ich mir nicht so Gedanken, da ich es nachvollziehen konnte, dass es Zeit braucht. Nach einiger Zeit versuchte ich ihn in die Gruppe zu integrieren, in der Hoffnung das es hilft. Leider wurde er komplett gemoppt und nicht akzeptiert und er hat sich \u00fcberhaupt nicht gewehrt. Also entschied ich mich Othello und ihn aus der Gruppe zu trennen. Sie standen immer noch zusammen, aber getrennt durch einen Zaun. Othello war ruhig und nahm ihn so liebevoll auf. Trotzdem wollte Zwergu nicht essen. Als Othello eine Zeit sp\u00e4ter starken Durchfall bekommen hat, habe ich mich entschieden die zwei klinischen zu untersuchen. Zwergu weil er schon sehr d\u00fcnn und abgemagert war und Othello weil er bereits \u00e4lter war. Und so hatten beide ein Gsp\u00e4ndli dabei und waren nicht alleine im Tierspital. Beide wurden von oben bis unten untersucht. Othello war gesund bis auf W\u00fcrmer, wo behandelt wurden. Zwergu war gesund und man konnte nichts verstellen, woran es lag, das er nicht gegessen hat. Beide konnten nach einigen Tagen Aufenthalt wieder nach Hause. Othello war wieder gesund und kottete normal und Zwergu blieb fressunlustig, kam aber trotzdem nach Hause. Der Tierspital konnte nichts mehr machen. Ich war komplett \u00fcberfordert mit der Situation und wusste nicht, was machen. Eine gute Bekannte empfahl mir Tierkommunikation zu machen. Ich habe das Angebot dankend angenommen. Es half und gab mir ein paar Antworten, aber nicht die Antwort, wie ich ihn bewegen kann, zu essen. Diese Entscheidung lag bei ihm. Ich solle mit ihm Zeit verbringen und sein Vertrauen gewinnen. Mit ihm sprechen und versuchen ihn zu verstehen. Er lehrte mich gedulig zu sein, mich mal zu setzen, inne zu halten und da zu sein. Lange war es ungewiss und keine \u00c4nderung zu erkennen. Ich habe mich bereits damit befasst, ihn gehen zu lassen. Als ich eines Tage, den Schweinchen hartes Brot in den Stall gebracht habe und Zwergu mit das Brot aus der Hand gegessen hat &#8211; richtig gierig. Ich war verbl\u00fcfft und verwirrt. Hartes Brot ist keine gesunde Nahrung f\u00fcr Ziegen, daher war das nicht dabei, ihn aufzup\u00e4ppeln. Als er es aber so gerne ass, entschied ich mich, bevor ich ihn gehen lasse, ihn damit aufzuf\u00fcttern. Gesagt, getan. Und nach einigen Wochen war er sichtlich besser im Gewicht und ich konnte ihn langsam an das normale Futter gew\u00f6hnen. Heute ist er propper gesund und verfressen, wie alle anderen Ziegen.<\/p>\n","protected":false},"excerpt":{"rendered":"<p>Thommy &amp; Cookie Im Jahr 2021 schrieb eine tierliebe Person drei Ziegen aus. Sie suchte f\u00fcr die Brienzer Ziegen dringend ein Zuhause. Die Ziegen stammten von einem Landwirt, wo f\u00fcr&#8230;<\/p>\n","protected":false},"author":1,"featured_media":0,"parent":33,"menu_order":0,"comment_status":"closed","ping_status":"closed","template":"","meta":{"footnotes":""},"class_list":["post-45","page","type-page","status-publish","hentry"],"_links":{"self":[{"href":"https:\/\/www.charlotteskleinefarm.ch\/index.php?rest_route=\/wp\/v2\/pages\/45","targetHints":{"allow":["GET"]}}],"collection":[{"href":"https:\/\/www.charlotteskleinefarm.ch\/index.php?rest_route=\/wp\/v2\/pages"}],"about":[{"href":"https:\/\/www.charlotteskleinefarm.ch\/index.php?rest_route=\/wp\/v2\/types\/page"}],"author":[{"embeddable":true,"href":"https:\/\/www.charlotteskleinefarm.ch\/index.php?rest_route=\/wp\/v2\/users\/1"}],"replies":[{"embeddable":true,"href":"https:\/\/www.charlotteskleinefarm.ch\/index.php?rest_route=%2Fwp%2Fv2%2Fcomments&post=45"}],"version-history":[{"count":5,"href":"https:\/\/www.charlotteskleinefarm.ch\/index.php?rest_route=\/wp\/v2\/pages\/45\/revisions"}],"predecessor-version":[{"id":183,"href":"https:\/\/www.charlotteskleinefarm.ch\/index.php?rest_route=\/wp\/v2\/pages\/45\/revisions\/183"}],"up":[{"embeddable":true,"href":"https:\/\/www.charlotteskleinefarm.ch\/index.php?rest_route=\/wp\/v2\/pages\/33"}],"wp:attachment":[{"href":"https:\/\/www.charlotteskleinefarm.ch\/index.php?rest_route=%2Fwp%2Fv2%2Fmedia&parent=45"}],"curies":[{"name":"wp","href":"https:\/\/api.w.org\/{rel}","templated":true}]}}