{"id":43,"date":"2025-03-01T16:39:38","date_gmt":"2025-03-01T16:39:38","guid":{"rendered":"https:\/\/www.charlotteskleinefarm.ch\/?page_id=43"},"modified":"2025-03-30T19:19:11","modified_gmt":"2025-03-30T19:19:11","slug":"hunde","status":"publish","type":"page","link":"https:\/\/www.charlotteskleinefarm.ch\/?page_id=43","title":{"rendered":"Hunde"},"content":{"rendered":"<style type=\"text\/css\"><\/style>\n<p><strong>Jello (Jahrgang 2010)<\/strong><\/p>\n\n\n\n<figure class=\"wp-block-image size-large is-resized\"><img loading=\"lazy\" decoding=\"async\" width=\"768\" height=\"1024\" src=\"https:\/\/www.charlotteskleinefarm.ch\/wp-content\/uploads\/2025\/01\/Jello-6-768x1024.jpg\" alt=\"\" class=\"wp-image-58\" style=\"width:374px;height:auto\" srcset=\"https:\/\/www.charlotteskleinefarm.ch\/wp-content\/uploads\/2025\/01\/Jello-6-768x1024.jpg 768w, https:\/\/www.charlotteskleinefarm.ch\/wp-content\/uploads\/2025\/01\/Jello-6-225x300.jpg 225w, https:\/\/www.charlotteskleinefarm.ch\/wp-content\/uploads\/2025\/01\/Jello-6-1152x1536.jpg 1152w, https:\/\/www.charlotteskleinefarm.ch\/wp-content\/uploads\/2025\/01\/Jello-6-1536x2048.jpg 1536w, https:\/\/www.charlotteskleinefarm.ch\/wp-content\/uploads\/2025\/01\/Jello-6-580x773.jpg 580w, https:\/\/www.charlotteskleinefarm.ch\/wp-content\/uploads\/2025\/01\/Jello-6-820x1093.jpg 820w, https:\/\/www.charlotteskleinefarm.ch\/wp-content\/uploads\/2025\/01\/Jello-6-1160x1547.jpg 1160w, https:\/\/www.charlotteskleinefarm.ch\/wp-content\/uploads\/2025\/01\/Jello-6-scaled.jpg 1920w\" sizes=\"auto, (max-width: 768px) 100vw, 768px\" \/><figcaption class=\"wp-element-caption\">Jello<\/figcaption><\/figure>\n\n\n\n<p>Jello ist aus dem Tierheim aus Liechtenstein. Er wurde von dem Veterin\u00e4ramt konfisziert aus einem Messihaushalt. Er war stark unterern\u00e4hrt und kannte nicht viel von der Umwelt. Mein damaliger Freund ging mit ihm viel in die Berge, wo es ruhig war, nicht viele Menschen waren und er Freiheit geniessen konnte. Er hat sich sehr schnell zu einem sehr sozialen souver\u00e4nen Hund entwickelt. Heute ist er ein Senior, wo langsam seinem Alter entsprechend nicht mehr so h\u00e4ufig laufen gehen m\u00f6chte und viel schl\u00e4ft.<\/p>\n\n\n\n<p><strong>Luna (Jahrgang 2009)<\/strong><\/p>\n\n\n\n<figure class=\"wp-block-image size-large is-resized\"><img loading=\"lazy\" decoding=\"async\" width=\"768\" height=\"1024\" src=\"https:\/\/www.charlotteskleinefarm.ch\/wp-content\/uploads\/2025\/01\/Luna-3-768x1024.jpg\" alt=\"\" class=\"wp-image-59\" style=\"width:374px;height:auto\" srcset=\"https:\/\/www.charlotteskleinefarm.ch\/wp-content\/uploads\/2025\/01\/Luna-3-768x1024.jpg 768w, https:\/\/www.charlotteskleinefarm.ch\/wp-content\/uploads\/2025\/01\/Luna-3-225x300.jpg 225w, https:\/\/www.charlotteskleinefarm.ch\/wp-content\/uploads\/2025\/01\/Luna-3-1152x1536.jpg 1152w, https:\/\/www.charlotteskleinefarm.ch\/wp-content\/uploads\/2025\/01\/Luna-3-1536x2048.jpg 1536w, https:\/\/www.charlotteskleinefarm.ch\/wp-content\/uploads\/2025\/01\/Luna-3-580x773.jpg 580w, https:\/\/www.charlotteskleinefarm.ch\/wp-content\/uploads\/2025\/01\/Luna-3-820x1093.jpg 820w, https:\/\/www.charlotteskleinefarm.ch\/wp-content\/uploads\/2025\/01\/Luna-3-1160x1547.jpg 1160w, https:\/\/www.charlotteskleinefarm.ch\/wp-content\/uploads\/2025\/01\/Luna-3-scaled.jpg 1920w\" sizes=\"auto, (max-width: 768px) 100vw, 768px\" \/><\/figure>\n\n\n\n<p>Luna ist aus dem Tierheim aus Z\u00fcrich. Sie wurde abgegeben ohne Grund. Sie war damals 2 Jahre als ich sie \u00fcbernommen habe. Sie war und ist eine sehr lebendige und \u00fcberaus lebensfrohe H\u00fcndin, wo sehr selbstst\u00e4ndig ist und ihren Freiraum braucht (auch Zuhause). Sie ist in der Zwischenzeit ebenfalls eine Seniorin (Jahrgang 2009). Leider hatte sie bereits 3 x Mastzelltumore und einen Bandscheibenvorfall. Sie hat jedoch alle Krankheiten gut \u00fcberstanden und ist fit und munter.<\/p>\n\n\n\n<p><strong>Paco (Jahrgang 2012)<\/strong><\/p>\n\n\n\n<figure class=\"wp-block-image size-large is-resized\"><img loading=\"lazy\" decoding=\"async\" width=\"768\" height=\"1024\" src=\"https:\/\/www.charlotteskleinefarm.ch\/wp-content\/uploads\/2025\/01\/Paco-2-768x1024.jpg\" alt=\"\" class=\"wp-image-60\" style=\"width:384px;height:auto\" srcset=\"https:\/\/www.charlotteskleinefarm.ch\/wp-content\/uploads\/2025\/01\/Paco-2-768x1024.jpg 768w, https:\/\/www.charlotteskleinefarm.ch\/wp-content\/uploads\/2025\/01\/Paco-2-225x300.jpg 225w, https:\/\/www.charlotteskleinefarm.ch\/wp-content\/uploads\/2025\/01\/Paco-2-1152x1536.jpg 1152w, https:\/\/www.charlotteskleinefarm.ch\/wp-content\/uploads\/2025\/01\/Paco-2-1536x2048.jpg 1536w, https:\/\/www.charlotteskleinefarm.ch\/wp-content\/uploads\/2025\/01\/Paco-2-580x773.jpg 580w, https:\/\/www.charlotteskleinefarm.ch\/wp-content\/uploads\/2025\/01\/Paco-2-820x1093.jpg 820w, https:\/\/www.charlotteskleinefarm.ch\/wp-content\/uploads\/2025\/01\/Paco-2-1160x1547.jpg 1160w, https:\/\/www.charlotteskleinefarm.ch\/wp-content\/uploads\/2025\/01\/Paco-2-scaled.jpg 1920w\" sizes=\"auto, (max-width: 768px) 100vw, 768px\" \/><\/figure>\n\n\n\n<p>Paco wurde im Jahr 2018 im Internet von einer privaten Person ausgeschrieben. Es handelte sich um einen R\u00fcden (kastriert), der von Hundef\u00e4nger vermutlich brutal zusammengeschlagen wurde. Er wurde halb Tod in einem Shelter abgegeben. Er wurde blind und vermutlich aufgrund eines Traumas auch Epileptiker. Paco lebte vorher auf der Strasse und er war ein zufriedener gesunder Hund. Sein Leben \u00e4nderte sich schlagartig nach diesem Ereignis. Ich muss ehrlich sagen, dass ich nicht wusste, was ich zusagte, als ich mich meldete und Paco aufnahm. Ich war sehr gefordert, lehrte aber durch ihn auch sehr viel. Heute ist er ein zufriedener, entspannter, gesunder und fitter Hund. Er ben\u00f6tigt t\u00e4glich seine Tabletten. Damit ist die Krankheit sehr gut unter Kontrolle. Er lebt nur Zuhause und ums Haus, da f\u00fchlt er sich wohl.<\/p>\n\n\n\n<p><strong>Hope (Jahrgang 2015)<\/strong><\/p>\n\n\n\n<figure class=\"wp-block-image size-large is-resized\"><img loading=\"lazy\" decoding=\"async\" width=\"1024\" height=\"768\" src=\"https:\/\/www.charlotteskleinefarm.ch\/wp-content\/uploads\/2025\/01\/Hope-5-1024x768.jpg\" alt=\"\" class=\"wp-image-61\" style=\"width:463px;height:auto\" srcset=\"https:\/\/www.charlotteskleinefarm.ch\/wp-content\/uploads\/2025\/01\/Hope-5-1024x768.jpg 1024w, https:\/\/www.charlotteskleinefarm.ch\/wp-content\/uploads\/2025\/01\/Hope-5-300x225.jpg 300w, https:\/\/www.charlotteskleinefarm.ch\/wp-content\/uploads\/2025\/01\/Hope-5-768x576.jpg 768w, https:\/\/www.charlotteskleinefarm.ch\/wp-content\/uploads\/2025\/01\/Hope-5-1536x1152.jpg 1536w, https:\/\/www.charlotteskleinefarm.ch\/wp-content\/uploads\/2025\/01\/Hope-5-2048x1536.jpg 2048w, https:\/\/www.charlotteskleinefarm.ch\/wp-content\/uploads\/2025\/01\/Hope-5-580x435.jpg 580w, https:\/\/www.charlotteskleinefarm.ch\/wp-content\/uploads\/2025\/01\/Hope-5-820x615.jpg 820w, https:\/\/www.charlotteskleinefarm.ch\/wp-content\/uploads\/2025\/01\/Hope-5-1160x870.jpg 1160w\" sizes=\"auto, (max-width: 1024px) 100vw, 1024px\" \/><\/figure>\n\n\n\n<p>Hope ist Ende 2018 ca. 5 Mt. nach Paco zu uns gekommen. Ich wollte f\u00fcr ihn ein Gsp\u00e4ndli finden, damit er Zuhause nicht alleine ist, wenn ich mit den anderen Hunden und\/oder Pferden am Laufen bin. Ich habe mich f\u00fcr Hope entschieden, da sie deformierte Beine hatte. Als sie angekommen ist, habe ich jedoch schnell bemerkt, dass sie so viel Lebensenergie und -freude hat. Also liess ich ihre Deformation untersuchen. Es wurde festgestellt, dass sie einen krummen Knochen hat, wo operiert werden konnte. Sie konnte danach besser laufen und wurde nicht wie angedacht ein Hofhund, sondern ein Hund, wo gerne auf die Gassirunde kam. Im Sommer ist sie wiederum lieber Zuhause und geniesst den grossen Garten.<\/p>\n\n\n\n<p><strong>Ares (Jahrgang 2017)<\/strong><\/p>\n\n\n\n<figure class=\"wp-block-image size-large is-resized\"><img loading=\"lazy\" decoding=\"async\" width=\"768\" height=\"1024\" src=\"https:\/\/www.charlotteskleinefarm.ch\/wp-content\/uploads\/2025\/01\/Ares-3-768x1024.jpg\" alt=\"\" class=\"wp-image-62\" style=\"width:378px;height:auto\" srcset=\"https:\/\/www.charlotteskleinefarm.ch\/wp-content\/uploads\/2025\/01\/Ares-3-768x1024.jpg 768w, https:\/\/www.charlotteskleinefarm.ch\/wp-content\/uploads\/2025\/01\/Ares-3-225x300.jpg 225w, https:\/\/www.charlotteskleinefarm.ch\/wp-content\/uploads\/2025\/01\/Ares-3-1152x1536.jpg 1152w, https:\/\/www.charlotteskleinefarm.ch\/wp-content\/uploads\/2025\/01\/Ares-3-1536x2048.jpg 1536w, https:\/\/www.charlotteskleinefarm.ch\/wp-content\/uploads\/2025\/01\/Ares-3-580x773.jpg 580w, https:\/\/www.charlotteskleinefarm.ch\/wp-content\/uploads\/2025\/01\/Ares-3-820x1093.jpg 820w, https:\/\/www.charlotteskleinefarm.ch\/wp-content\/uploads\/2025\/01\/Ares-3-1160x1547.jpg 1160w, https:\/\/www.charlotteskleinefarm.ch\/wp-content\/uploads\/2025\/01\/Ares-3-scaled.jpg 1920w\" sizes=\"auto, (max-width: 768px) 100vw, 768px\" \/><\/figure>\n\n\n\n<p>Ares ist theoretisch der Hund meines Partners. Seit wir zusammengezogen sind, versorge und betreue ich ihn. Er hat ihn von einer privaten Person mit 6 Mt. \u00fcbernommen, da sie Ares damals nicht mehr gerecht wurde. Heute ist er ein zufriedener, souver\u00e4ner und gesunder Hund. Er liebt unsere Katzen, Ziegen und Schweine und lebt unkompliziert und liebevoll mit ihnen zusammen. Er hat viel Temperament, wo aber gut zu kanalisieren ist. Er ist f\u00fcr ein so grosser Hund sehr vorsichtig. Ausser er Freud sich \u00fcberschw\u00e4nglich, dann vergisst er ab und an seine Gr\u00f6sse und Kraft.<\/p>\n\n\n\n<p><strong>Zeus (Jahrgang 2019)<\/strong><\/p>\n\n\n\n<figure class=\"wp-block-image size-large is-resized\"><img loading=\"lazy\" decoding=\"async\" width=\"768\" height=\"1024\" src=\"https:\/\/www.charlotteskleinefarm.ch\/wp-content\/uploads\/2025\/01\/Zeus-2-1-768x1024.jpg\" alt=\"\" class=\"wp-image-65\" style=\"width:379px;height:auto\" srcset=\"https:\/\/www.charlotteskleinefarm.ch\/wp-content\/uploads\/2025\/01\/Zeus-2-1-768x1024.jpg 768w, https:\/\/www.charlotteskleinefarm.ch\/wp-content\/uploads\/2025\/01\/Zeus-2-1-225x300.jpg 225w, https:\/\/www.charlotteskleinefarm.ch\/wp-content\/uploads\/2025\/01\/Zeus-2-1-1152x1536.jpg 1152w, https:\/\/www.charlotteskleinefarm.ch\/wp-content\/uploads\/2025\/01\/Zeus-2-1-1536x2048.jpg 1536w, https:\/\/www.charlotteskleinefarm.ch\/wp-content\/uploads\/2025\/01\/Zeus-2-1-580x773.jpg 580w, https:\/\/www.charlotteskleinefarm.ch\/wp-content\/uploads\/2025\/01\/Zeus-2-1-820x1093.jpg 820w, https:\/\/www.charlotteskleinefarm.ch\/wp-content\/uploads\/2025\/01\/Zeus-2-1-1160x1547.jpg 1160w, https:\/\/www.charlotteskleinefarm.ch\/wp-content\/uploads\/2025\/01\/Zeus-2-1-scaled.jpg 1920w\" sizes=\"auto, (max-width: 768px) 100vw, 768px\" \/><\/figure>\n\n\n\n<p>Zeus wurde im 2020 ausgeschrieben und suchte ein Zuhause. Er war ein ca. 2-monatigen Welpe, wo auf der Strasse gefunden wurde ohne Mami. Er war krank und wurde aufgep\u00e4ppelt. Da im Ausland keine f\u00fcrsorgliche Betreuung m\u00f6glich war, wurde notfallm\u00e4ssig ein Pl\u00e4tzli gesucht. Es war nicht die Meinung ihn zu \u00fcbernehmen, da ich dachte, er findet bestimmt ein Zuhause. Er war ein kleines schwarzes kuschliges B\u00fcndeli. Jedoch meldete sich niemand und ich entschied mich daher, ihn zu uns zu nehmen. Es war mein erster Welpe und eine sehr sch\u00f6ne Erfahrung. Er brauchte anfangs sehr viel Zeit. Er traute sich nicht nach draussen. Ich nahm ihn daher in einer Hundetasche mit. So war er dabei und konnte die Umwelt wahrnehmen und kennenlernen. Irgendwann wollte er von sich aus, aus der Tasche raus. Seither hat er sich sehr schnell und positiv entwickelt und heute ist er einen zufriedenen und souver\u00e4nen Hund. Er durfte viel von Jello lernen, wo ihn viel Sicherheit und F\u00fcrsorge gab.<\/p>\n\n\n\n<p><strong>Joy (Jahrgang 2020)<\/strong><\/p>\n\n\n\n<figure class=\"wp-block-image size-large is-resized\"><img loading=\"lazy\" decoding=\"async\" width=\"1024\" height=\"768\" src=\"https:\/\/www.charlotteskleinefarm.ch\/wp-content\/uploads\/2025\/01\/Joy-4-1024x768.jpg\" alt=\"\" class=\"wp-image-66\" style=\"width:460px;height:auto\" srcset=\"https:\/\/www.charlotteskleinefarm.ch\/wp-content\/uploads\/2025\/01\/Joy-4-1024x768.jpg 1024w, https:\/\/www.charlotteskleinefarm.ch\/wp-content\/uploads\/2025\/01\/Joy-4-300x225.jpg 300w, https:\/\/www.charlotteskleinefarm.ch\/wp-content\/uploads\/2025\/01\/Joy-4-768x576.jpg 768w, https:\/\/www.charlotteskleinefarm.ch\/wp-content\/uploads\/2025\/01\/Joy-4-1536x1152.jpg 1536w, https:\/\/www.charlotteskleinefarm.ch\/wp-content\/uploads\/2025\/01\/Joy-4-2048x1536.jpg 2048w, https:\/\/www.charlotteskleinefarm.ch\/wp-content\/uploads\/2025\/01\/Joy-4-580x435.jpg 580w, https:\/\/www.charlotteskleinefarm.ch\/wp-content\/uploads\/2025\/01\/Joy-4-820x615.jpg 820w, https:\/\/www.charlotteskleinefarm.ch\/wp-content\/uploads\/2025\/01\/Joy-4-1160x870.jpg 1160w\" sizes=\"auto, (max-width: 1024px) 100vw, 1024px\" \/><\/figure>\n\n\n\n<p>Joy ist ein Strassenhund aus der T\u00fcrkei. Sie wurde apathisch und unterern\u00e4hrt aufgefunden. Sie wurde beim Tierarzt vorgestellt und es wurde eine Blutkrankheit gefunden. Die Krankheit wurde erfolgreich behandelt. Die Annahme bestand auch, dass sie blind ist. Daher wurde f\u00fcr sie ein Zuhause gesucht. Da ich bereits einen blinden Hund habe (Paco) und viel Umschwung und Platz (ca. 5000 m2), entschied ich mich die Joy aufzunehmen. Sie kam Ende 2021 zu uns nach Hause. Sie war anfangs auch sehr unsicher und brauchte Zeit. Nach einer Weile taute sie auf und ich merkte, dass sie nicht blind ist. Daf\u00fcr hatte sie eine instabile Hinterhand. Etwas nicht atypisches f\u00fcr grosse Hunde, bzw. Hunde die schnell wachsen. Ich habe sie daher untersuchen lassen und der Befund war HD (H\u00fcftgelenksdysplasie und Patella-Luxation). Sie wurde mehrfach operiert und war ca. 1 Jahr reduziert. Sie machte alles \u00fcberaus souver\u00e4n mit und war immer sehr geduldig. Heute ist sie gesund, spielt und springt wie ein junges Reh. Sie bleibt als Herdenschutzhund am liebsten Zuhause und geniesst aber auch Gassig\u00e4nge in der N\u00e4he und mit viel Zeit zum Schauen. In der kalten Jahreszeiten ist sie auch mal gerne auf einer l\u00e4ngeren Spatziergang dabei.<\/p>\n\n\n\n<p><strong>Cezar (Jahrgang 2021)<\/strong><\/p>\n\n\n\n<figure class=\"wp-block-image size-large is-resized\"><img loading=\"lazy\" decoding=\"async\" width=\"1024\" height=\"768\" src=\"https:\/\/www.charlotteskleinefarm.ch\/wp-content\/uploads\/2025\/01\/Cezar-3-1024x768.jpg\" alt=\"\" class=\"wp-image-67\" style=\"width:456px;height:auto\" srcset=\"https:\/\/www.charlotteskleinefarm.ch\/wp-content\/uploads\/2025\/01\/Cezar-3-1024x768.jpg 1024w, https:\/\/www.charlotteskleinefarm.ch\/wp-content\/uploads\/2025\/01\/Cezar-3-300x225.jpg 300w, https:\/\/www.charlotteskleinefarm.ch\/wp-content\/uploads\/2025\/01\/Cezar-3-768x576.jpg 768w, https:\/\/www.charlotteskleinefarm.ch\/wp-content\/uploads\/2025\/01\/Cezar-3-1536x1152.jpg 1536w, https:\/\/www.charlotteskleinefarm.ch\/wp-content\/uploads\/2025\/01\/Cezar-3-2048x1536.jpg 2048w, https:\/\/www.charlotteskleinefarm.ch\/wp-content\/uploads\/2025\/01\/Cezar-3-580x435.jpg 580w, https:\/\/www.charlotteskleinefarm.ch\/wp-content\/uploads\/2025\/01\/Cezar-3-820x615.jpg 820w, https:\/\/www.charlotteskleinefarm.ch\/wp-content\/uploads\/2025\/01\/Cezar-3-1160x870.jpg 1160w\" sizes=\"auto, (max-width: 1024px) 100vw, 1024px\" \/><\/figure>\n\n\n\n<p>Cezar ist im November 2022 mit 1 \u00bd Jahren (Jahrgang: 2021) zu uns gekommen. Er wurde im Tierheim ohne Grund abgegeben. Tendenziell ist er vermutlich ein &#8222;Corona-Opfer&#8220;. Er ist sozial und lieb. Eine grossartige Erziehung und die Angew\u00f6hnung an die Umwelt hat er jedoch nicht gross genossen. Das sind wir nun am Nachholen. Auch muss er noch lernen ruhig zu werden und seinen notwendigen Schlaf zu nehmen. Adulte Hunde brauchen 18 bis 20 Std. pro Tag Erholung und Schlaf. Anders wie bei uns Menschen, ist der REM und Tiefschlaf bei Hunden im Verh\u00e4ltnis viel k\u00fcrzer. Daher ben\u00f6tigen Hunde so viel mehr Schlaf. Haben sie diese Erholung nicht, sind sie gestresst und werden ggfs. sogar krank. Cezar ist ein Hund, wo lernen muss, dass er angekommen ist und er sich sicher und wohl f\u00fchlen darf. Er hat immer noch sehr grosse Trennungsangst und ist wahnsinnig gestresst, wenn ein Tag mal anders abl\u00e4uft als normal. Er stammt urspr\u00fcnglich aus Serbien, wurde in die Schweiz importiert und hatte in der kurzen Zeit 4 Vorbesitzer. Er konnte nie ankommen und eine Routine erleben. F\u00fcr seine Vorgeschichte macht er alles bereits sehr gut.<\/p>\n\n\n\n<p><strong>Nayara (N\u00e4ni, Jahrgang 2019)<\/strong><\/p>\n\n\n\n<p>Text zu N\u00e4ni<\/p>\n\n\n\n<p><\/p>\n","protected":false},"excerpt":{"rendered":"<p>Jello (Jahrgang 2010) Jello ist aus dem Tierheim aus Liechtenstein. Er wurde von dem Veterin\u00e4ramt konfisziert aus einem Messihaushalt. Er war stark unterern\u00e4hrt und kannte nicht viel von der Umwelt&#8230;.<\/p>\n","protected":false},"author":1,"featured_media":0,"parent":33,"menu_order":0,"comment_status":"closed","ping_status":"closed","template":"","meta":{"footnotes":""},"class_list":["post-43","page","type-page","status-publish","hentry"],"_links":{"self":[{"href":"https:\/\/www.charlotteskleinefarm.ch\/index.php?rest_route=\/wp\/v2\/pages\/43","targetHints":{"allow":["GET"]}}],"collection":[{"href":"https:\/\/www.charlotteskleinefarm.ch\/index.php?rest_route=\/wp\/v2\/pages"}],"about":[{"href":"https:\/\/www.charlotteskleinefarm.ch\/index.php?rest_route=\/wp\/v2\/types\/page"}],"author":[{"embeddable":true,"href":"https:\/\/www.charlotteskleinefarm.ch\/index.php?rest_route=\/wp\/v2\/users\/1"}],"replies":[{"embeddable":true,"href":"https:\/\/www.charlotteskleinefarm.ch\/index.php?rest_route=%2Fwp%2Fv2%2Fcomments&post=43"}],"version-history":[{"count":3,"href":"https:\/\/www.charlotteskleinefarm.ch\/index.php?rest_route=\/wp\/v2\/pages\/43\/revisions"}],"predecessor-version":[{"id":177,"href":"https:\/\/www.charlotteskleinefarm.ch\/index.php?rest_route=\/wp\/v2\/pages\/43\/revisions\/177"}],"up":[{"embeddable":true,"href":"https:\/\/www.charlotteskleinefarm.ch\/index.php?rest_route=\/wp\/v2\/pages\/33"}],"wp:attachment":[{"href":"https:\/\/www.charlotteskleinefarm.ch\/index.php?rest_route=%2Fwp%2Fv2%2Fmedia&parent=43"}],"curies":[{"name":"wp","href":"https:\/\/api.w.org\/{rel}","templated":true}]}}