{"id":33,"date":"2025-03-01T16:28:53","date_gmt":"2025-03-01T16:28:53","guid":{"rendered":"https:\/\/www.charlotteskleinefarm.ch\/?page_id=33"},"modified":"2025-03-01T16:49:19","modified_gmt":"2025-03-01T16:49:19","slug":"unsere-tiere","status":"publish","type":"page","link":"https:\/\/www.charlotteskleinefarm.ch\/?page_id=33","title":{"rendered":"Unsere Tiere"},"content":{"rendered":"<style type=\"text\/css\"><\/style>\n<p>Gerne stellen wir hier unsere Tiere vor. Auf unserem Hof leben Katzen, Hunde, Ziegen, Schweine und sobald die Bewilligung da ist, auch 2 Pferde. Die Tiere stammen aus dem Ausland, aus dem Tierheim, sind verwildert oder von Privaten, wo sie nicht mehr halten konnten, \u00fcbernommen. Wir geben den Tieren ein Zuhause, wo sie alt werden k\u00f6nnen und bis dahin betreut und gepflegt werden.<\/p>\n\n\n\n<p>Die Hunde leben in einer Gemeinschaft mit uns im Haus. Die Katzen leben zum Teil im Stall und ein anderer Teil im Haus. Die (ehemals) verwilderten Katzen werden im Stall einquartiert und k\u00f6nnen nach Eingew\u00f6hnung und Integration ein freies Leben geniessen. Im Haus leben ehemalige Hauskatzen, Katzen wo gepflegt werden m\u00fcssen, ein Handicap haben \/ bekommen oder aufgrund Alter besser in der W\u00e4rme leben. <\/p>\n\n\n\n<p>Die Ziegen und Schweine und k\u00fcnftig die Pferde leben gemeinsam zusammen mit den Katzen im Stall ebenfalls in einer Gemeinschaft. Die Ziegen und Schweine sind sich ebenfalls an die Hunde gew\u00f6hnt und akzeptieren sich gegenseitig.<\/p>\n\n\n\n<p>Gerne k\u00f6nnen Patenschaften f\u00fcr die Tiere \u00fcbernommen werden. Falls ein Tier bereits eine Patin \/ ein Paten hat, ist das bei der Beschreibung erw\u00e4hnt (bei Erlaubnis mit Namen der Patin \/ des Paten).<\/p>\n\n\n\n<p><strong><a href=\"https:\/\/www.charlotteskleinefarm.ch\/?page_id=41\u2197\">Katzen<\/a><\/strong><\/p>\n\n\n\n<figure class=\"wp-block-image size-full is-resized\"><a href=\"https:\/\/www.charlotteskleinefarm.ch\/?page_id=41\u2197\"><img loading=\"lazy\" decoding=\"async\" width=\"635\" height=\"452\" src=\"https:\/\/www.charlotteskleinefarm.ch\/wp-content\/uploads\/2025\/01\/Guddu-I.jpg\" alt=\"\" class=\"wp-image-35\" style=\"width:391px;height:auto\" srcset=\"https:\/\/www.charlotteskleinefarm.ch\/wp-content\/uploads\/2025\/01\/Guddu-I.jpg 635w, https:\/\/www.charlotteskleinefarm.ch\/wp-content\/uploads\/2025\/01\/Guddu-I-300x214.jpg 300w, https:\/\/www.charlotteskleinefarm.ch\/wp-content\/uploads\/2025\/01\/Guddu-I-580x413.jpg 580w\" sizes=\"auto, (max-width: 635px) 100vw, 635px\" \/><\/a><\/figure>\n\n\n\n<p><strong><a href=\"https:\/\/www.charlotteskleinefarm.ch\/?page_id=43\u2197\">Hunde<\/a><\/strong><\/p>\n\n\n\n<figure class=\"wp-block-image size-large is-resized\"><a href=\"https:\/\/www.charlotteskleinefarm.ch\/?page_id=43\u2197\"><img loading=\"lazy\" decoding=\"async\" width=\"548\" height=\"1024\" src=\"https:\/\/www.charlotteskleinefarm.ch\/wp-content\/uploads\/2025\/01\/Hope-3-548x1024.jpg\" alt=\"\" class=\"wp-image-36\" style=\"width:384px;height:auto\" srcset=\"https:\/\/www.charlotteskleinefarm.ch\/wp-content\/uploads\/2025\/01\/Hope-3-548x1024.jpg 548w, https:\/\/www.charlotteskleinefarm.ch\/wp-content\/uploads\/2025\/01\/Hope-3-161x300.jpg 161w, https:\/\/www.charlotteskleinefarm.ch\/wp-content\/uploads\/2025\/01\/Hope-3-768x1434.jpg 768w, https:\/\/www.charlotteskleinefarm.ch\/wp-content\/uploads\/2025\/01\/Hope-3-823x1536.jpg 823w, https:\/\/www.charlotteskleinefarm.ch\/wp-content\/uploads\/2025\/01\/Hope-3-580x1083.jpg 580w, https:\/\/www.charlotteskleinefarm.ch\/wp-content\/uploads\/2025\/01\/Hope-3-820x1531.jpg 820w, https:\/\/www.charlotteskleinefarm.ch\/wp-content\/uploads\/2025\/01\/Hope-3.jpg 1079w\" sizes=\"auto, (max-width: 548px) 100vw, 548px\" \/><\/a><\/figure>\n\n\n\n<p><strong><a href=\"https:\/\/www.charlotteskleinefarm.ch\/?page_id=45\u2197\">Ziegen<\/a><\/strong><\/p>\n\n\n\n<figure class=\"wp-block-image size-large is-resized\"><a href=\"https:\/\/www.charlotteskleinefarm.ch\/?page_id=45\u2197\"><img loading=\"lazy\" decoding=\"async\" width=\"768\" height=\"1024\" src=\"https:\/\/www.charlotteskleinefarm.ch\/wp-content\/uploads\/2025\/01\/Othello-2-768x1024.jpg\" alt=\"\" class=\"wp-image-37\" style=\"width:400px;height:auto\" srcset=\"https:\/\/www.charlotteskleinefarm.ch\/wp-content\/uploads\/2025\/01\/Othello-2-768x1024.jpg 768w, https:\/\/www.charlotteskleinefarm.ch\/wp-content\/uploads\/2025\/01\/Othello-2-225x300.jpg 225w, https:\/\/www.charlotteskleinefarm.ch\/wp-content\/uploads\/2025\/01\/Othello-2-1152x1536.jpg 1152w, https:\/\/www.charlotteskleinefarm.ch\/wp-content\/uploads\/2025\/01\/Othello-2-1536x2048.jpg 1536w, https:\/\/www.charlotteskleinefarm.ch\/wp-content\/uploads\/2025\/01\/Othello-2-580x773.jpg 580w, https:\/\/www.charlotteskleinefarm.ch\/wp-content\/uploads\/2025\/01\/Othello-2-820x1093.jpg 820w, https:\/\/www.charlotteskleinefarm.ch\/wp-content\/uploads\/2025\/01\/Othello-2-1160x1547.jpg 1160w, https:\/\/www.charlotteskleinefarm.ch\/wp-content\/uploads\/2025\/01\/Othello-2-scaled.jpg 1920w\" sizes=\"auto, (max-width: 768px) 100vw, 768px\" \/><\/a><\/figure>\n\n\n\n<p><strong><a href=\"https:\/\/www.charlotteskleinefarm.ch\/?page_id=49\u2197\">Schweine<\/a><\/strong><\/p>\n\n\n\n<figure class=\"wp-block-image size-large is-resized\"><a href=\"https:\/\/www.charlotteskleinefarm.ch\/?page_id=49\u2197\"><img loading=\"lazy\" decoding=\"async\" width=\"768\" height=\"1024\" src=\"https:\/\/www.charlotteskleinefarm.ch\/wp-content\/uploads\/2025\/01\/Paulinchen-768x1024.jpg\" alt=\"\" class=\"wp-image-38\" style=\"width:417px;height:auto\" srcset=\"https:\/\/www.charlotteskleinefarm.ch\/wp-content\/uploads\/2025\/01\/Paulinchen-768x1024.jpg 768w, https:\/\/www.charlotteskleinefarm.ch\/wp-content\/uploads\/2025\/01\/Paulinchen-225x300.jpg 225w, https:\/\/www.charlotteskleinefarm.ch\/wp-content\/uploads\/2025\/01\/Paulinchen-1152x1536.jpg 1152w, https:\/\/www.charlotteskleinefarm.ch\/wp-content\/uploads\/2025\/01\/Paulinchen-1536x2048.jpg 1536w, https:\/\/www.charlotteskleinefarm.ch\/wp-content\/uploads\/2025\/01\/Paulinchen-580x773.jpg 580w, https:\/\/www.charlotteskleinefarm.ch\/wp-content\/uploads\/2025\/01\/Paulinchen-820x1093.jpg 820w, https:\/\/www.charlotteskleinefarm.ch\/wp-content\/uploads\/2025\/01\/Paulinchen-1160x1547.jpg 1160w, https:\/\/www.charlotteskleinefarm.ch\/wp-content\/uploads\/2025\/01\/Paulinchen-scaled.jpg 1920w\" sizes=\"auto, (max-width: 768px) 100vw, 768px\" \/><\/a><\/figure>\n\n\n\n<p><strong><a href=\"https:\/\/www.charlotteskleinefarm.ch\/?page_id=47\u2197\">Pferde<\/a><\/strong><\/p>\n\n\n\n<figure class=\"wp-block-image size-large is-resized\"><a href=\"https:\/\/www.charlotteskleinefarm.ch\/?page_id=47\u2197\"><img loading=\"lazy\" decoding=\"async\" width=\"1024\" height=\"768\" src=\"https:\/\/www.charlotteskleinefarm.ch\/wp-content\/uploads\/2025\/01\/Arrigo-Vergo-1024x768.jpg\" alt=\"\" class=\"wp-image-39\" style=\"width:439px;height:auto\" srcset=\"https:\/\/www.charlotteskleinefarm.ch\/wp-content\/uploads\/2025\/01\/Arrigo-Vergo-1024x768.jpg 1024w, https:\/\/www.charlotteskleinefarm.ch\/wp-content\/uploads\/2025\/01\/Arrigo-Vergo-300x225.jpg 300w, https:\/\/www.charlotteskleinefarm.ch\/wp-content\/uploads\/2025\/01\/Arrigo-Vergo-768x576.jpg 768w, https:\/\/www.charlotteskleinefarm.ch\/wp-content\/uploads\/2025\/01\/Arrigo-Vergo-1536x1152.jpg 1536w, https:\/\/www.charlotteskleinefarm.ch\/wp-content\/uploads\/2025\/01\/Arrigo-Vergo-2048x1536.jpg 2048w, https:\/\/www.charlotteskleinefarm.ch\/wp-content\/uploads\/2025\/01\/Arrigo-Vergo-580x435.jpg 580w, https:\/\/www.charlotteskleinefarm.ch\/wp-content\/uploads\/2025\/01\/Arrigo-Vergo-820x615.jpg 820w, https:\/\/www.charlotteskleinefarm.ch\/wp-content\/uploads\/2025\/01\/Arrigo-Vergo-1160x870.jpg 1160w\" sizes=\"auto, (max-width: 1024px) 100vw, 1024px\" \/><\/a><\/figure>\n","protected":false},"excerpt":{"rendered":"<p>Gerne stellen wir hier unsere Tiere vor. Auf unserem Hof leben Katzen, Hunde, Ziegen, Schweine und sobald die Bewilligung da ist, auch 2 Pferde. Die Tiere stammen aus dem Ausland,&#8230;<\/p>\n","protected":false},"author":1,"featured_media":0,"parent":0,"menu_order":1,"comment_status":"closed","ping_status":"closed","template":"","meta":{"footnotes":""},"class_list":["post-33","page","type-page","status-publish","hentry"],"_links":{"self":[{"href":"https:\/\/www.charlotteskleinefarm.ch\/index.php?rest_route=\/wp\/v2\/pages\/33","targetHints":{"allow":["GET"]}}],"collection":[{"href":"https:\/\/www.charlotteskleinefarm.ch\/index.php?rest_route=\/wp\/v2\/pages"}],"about":[{"href":"https:\/\/www.charlotteskleinefarm.ch\/index.php?rest_route=\/wp\/v2\/types\/page"}],"author":[{"embeddable":true,"href":"https:\/\/www.charlotteskleinefarm.ch\/index.php?rest_route=\/wp\/v2\/users\/1"}],"replies":[{"embeddable":true,"href":"https:\/\/www.charlotteskleinefarm.ch\/index.php?rest_route=%2Fwp%2Fv2%2Fcomments&post=33"}],"version-history":[{"count":8,"href":"https:\/\/www.charlotteskleinefarm.ch\/index.php?rest_route=\/wp\/v2\/pages\/33\/revisions"}],"predecessor-version":[{"id":117,"href":"https:\/\/www.charlotteskleinefarm.ch\/index.php?rest_route=\/wp\/v2\/pages\/33\/revisions\/117"}],"wp:attachment":[{"href":"https:\/\/www.charlotteskleinefarm.ch\/index.php?rest_route=%2Fwp%2Fv2%2Fmedia&parent=33"}],"curies":[{"name":"wp","href":"https:\/\/api.w.org\/{rel}","templated":true}]}}