{"id":30,"date":"2025-03-01T16:33:12","date_gmt":"2025-03-01T16:33:12","guid":{"rendered":"https:\/\/www.charlotteskleinefarm.ch\/?page_id=30"},"modified":"2025-03-23T18:38:52","modified_gmt":"2025-03-23T18:38:52","slug":"ueber-uns","status":"publish","type":"page","link":"https:\/\/www.charlotteskleinefarm.ch\/?page_id=30","title":{"rendered":"\u00dcber uns"},"content":{"rendered":"<style type=\"text\/css\"><\/style>\n<p>Entstehung vom Verein &#8222;Charlotte&#8217;s kleine Farm&#8220;<\/p>\n\n\n\n<p>Worte der Pr\u00e4sidentin<br>Ich habe schon als kleines Kind jedes herrenlose Tier mit nach Hause genommen. F\u00fcr mich waren und sind Tiere die besseren Gesch\u00f6pfe als wir Menschen. Tiere sind ehrlich und treu. Sie brauchen nicht viel und sind gl\u00fccklich. Sie verzeihen und lehren dich. Trotzdem war es nie geplant, einmal einen Lebenshof zu haben. Mein 5-Jahresplan mit 25 war es unter anderem bis 30 einen Hund und ein Pferd als Begleiter zu haben. Das Pferd, Vergo, habe ich mir zu meinem 30igsten Geburtstag geschenkt. Aber f\u00fcr ein Hund war die Zeit damals noch nicht reif. Erst ca. 2 Jahre sp\u00e4ter mit meinem damaligen Freund sind wir auf die Hunde gekommen. Er hat sich zuerst ein Hund aus dem Tierheim geholt. Kurz darauf habe ich eine Seele gefunden, die mich fortan bis heute der Vereinsgr\u00fcndung (2025) begleitet. Jello und Luna sind seit dem Jahr 2012 an meiner Seite, Vergo seit dem Jahr 2010. Auch mein 2tes Pferd Arrigo hat mich fr\u00fch auf dem Weg begleitet und zwar wie die Hunde seit 2012. Die Kombination 2 Pferde und 2 Hunde blieb lang bestehen. Meine Hunde waren \u00fcberall dabei, auch mit den Pferden. Im Jahr &#8230;. waren wir auf dem Nachhauseweg vom Stall, als mir eine Katze auf der Strasse auffiel, die schlecht aussah. Ich habe gestoppt und bin zur Katze gelaufen. Die Katze war \u00fcberhaupt nicht scheu und machte keine Anstalten weglaufen zu wollen. Sie schien sehr schwach. Ich entschloss mich die Katze zum Tierarzt zu bringen. Gesagt, getan. Sie war alt und dehydriert. Da ich nicht wusste, ob sie ein Zuhause hat, habe ich mich entschieden, zu mir nach Hause zu nehmen. Sie war nicht gechipt, also machte ich ne Anzeige. Ich wusste damals nicht, wie meine 2 Hunde reagieren. Aber wie bei allem, reagierten sie so souver\u00e4n und r\u00fccksichtsvoll. Ich freute mich und verliebte mich nat\u00fcrlich total in die Katze. Einige Tage sp\u00e4ter hat sich der Besitzer gemeldet. Ich musste die Katze ihm zur\u00fcck geben. Eine Welt brach f\u00fcr mich zusammen. Aber es war der Anfang zum heutigen Lebenshof.<\/p>\n\n\n\n<p>Worte vom Vizepr\u00e4sidenten<br>&#8230;. folgt<\/p>\n","protected":false},"excerpt":{"rendered":"<p>Entstehung vom Verein &#8222;Charlotte&#8217;s kleine Farm&#8220; Worte der Pr\u00e4sidentinIch habe schon als kleines Kind jedes herrenlose Tier mit nach Hause genommen. F\u00fcr mich waren und sind Tiere die besseren Gesch\u00f6pfe&#8230;<\/p>\n","protected":false},"author":1,"featured_media":0,"parent":0,"menu_order":4,"comment_status":"closed","ping_status":"closed","template":"","meta":{"footnotes":""},"class_list":["post-30","page","type-page","status-publish","hentry"],"_links":{"self":[{"href":"https:\/\/www.charlotteskleinefarm.ch\/index.php?rest_route=\/wp\/v2\/pages\/30","targetHints":{"allow":["GET"]}}],"collection":[{"href":"https:\/\/www.charlotteskleinefarm.ch\/index.php?rest_route=\/wp\/v2\/pages"}],"about":[{"href":"https:\/\/www.charlotteskleinefarm.ch\/index.php?rest_route=\/wp\/v2\/types\/page"}],"author":[{"embeddable":true,"href":"https:\/\/www.charlotteskleinefarm.ch\/index.php?rest_route=\/wp\/v2\/users\/1"}],"replies":[{"embeddable":true,"href":"https:\/\/www.charlotteskleinefarm.ch\/index.php?rest_route=%2Fwp%2Fv2%2Fcomments&post=30"}],"version-history":[{"count":2,"href":"https:\/\/www.charlotteskleinefarm.ch\/index.php?rest_route=\/wp\/v2\/pages\/30\/revisions"}],"predecessor-version":[{"id":168,"href":"https:\/\/www.charlotteskleinefarm.ch\/index.php?rest_route=\/wp\/v2\/pages\/30\/revisions\/168"}],"wp:attachment":[{"href":"https:\/\/www.charlotteskleinefarm.ch\/index.php?rest_route=%2Fwp%2Fv2%2Fmedia&parent=30"}],"curies":[{"name":"wp","href":"https:\/\/api.w.org\/{rel}","templated":true}]}}