{"id":158,"date":"2025-03-23T18:07:18","date_gmt":"2025-03-23T18:07:18","guid":{"rendered":"https:\/\/www.charlotteskleinefarm.ch\/?page_id=158"},"modified":"2025-03-23T18:15:18","modified_gmt":"2025-03-23T18:15:18","slug":"unterstuetzen","status":"publish","type":"page","link":"https:\/\/www.charlotteskleinefarm.ch\/?page_id=158","title":{"rendered":"Unterst\u00fctzen"},"content":{"rendered":"<style type=\"text\/css\"><\/style>\n<p>Wir freuen uns \u00fcber Sach- und Futterspenden, wie auch finanzielle Unterst\u00fctzung.<\/p>\n\n\n\n<p>Gerne erw\u00e4hnen wir Sie \u00f6ffentlich auf der Homepage nat\u00fcrlich nur mit Ihrem Verst\u00e4ndnis, wenn Sie uns regelm\u00e4ssig unterst\u00fctzen.<\/p>\n\n\n\n<p><strong>Unterst\u00fctzerInnen<\/strong>:<br>&#8211; Doris Sch\u00e4rli unterst\u00fctzt unser Verein regelm\u00e4ssig mit grossz\u00fcgigen Futterspenden von hochwertigem Katzenfutter.<\/p>\n\n\n\n<p><\/p>\n","protected":false},"excerpt":{"rendered":"<p>Wir freuen uns \u00fcber Sach- und Futterspenden, wie auch finanzielle Unterst\u00fctzung. Gerne erw\u00e4hnen wir Sie \u00f6ffentlich auf der Homepage nat\u00fcrlich nur mit Ihrem Verst\u00e4ndnis, wenn Sie uns regelm\u00e4ssig unterst\u00fctzen. Unterst\u00fctzerInnen:&#8211;&#8230;<\/p>\n","protected":false},"author":1,"featured_media":0,"parent":0,"menu_order":3,"comment_status":"closed","ping_status":"closed","template":"","meta":{"footnotes":""},"class_list":["post-158","page","type-page","status-publish","hentry"],"_links":{"self":[{"href":"https:\/\/www.charlotteskleinefarm.ch\/index.php?rest_route=\/wp\/v2\/pages\/158","targetHints":{"allow":["GET"]}}],"collection":[{"href":"https:\/\/www.charlotteskleinefarm.ch\/index.php?rest_route=\/wp\/v2\/pages"}],"about":[{"href":"https:\/\/www.charlotteskleinefarm.ch\/index.php?rest_route=\/wp\/v2\/types\/page"}],"author":[{"embeddable":true,"href":"https:\/\/www.charlotteskleinefarm.ch\/index.php?rest_route=\/wp\/v2\/users\/1"}],"replies":[{"embeddable":true,"href":"https:\/\/www.charlotteskleinefarm.ch\/index.php?rest_route=%2Fwp%2Fv2%2Fcomments&post=158"}],"version-history":[{"count":1,"href":"https:\/\/www.charlotteskleinefarm.ch\/index.php?rest_route=\/wp\/v2\/pages\/158\/revisions"}],"predecessor-version":[{"id":159,"href":"https:\/\/www.charlotteskleinefarm.ch\/index.php?rest_route=\/wp\/v2\/pages\/158\/revisions\/159"}],"wp:attachment":[{"href":"https:\/\/www.charlotteskleinefarm.ch\/index.php?rest_route=%2Fwp%2Fv2%2Fmedia&parent=158"}],"curies":[{"name":"wp","href":"https:\/\/api.w.org\/{rel}","templated":true}]}}